{"id":9,"date":"2012-04-30T13:03:04","date_gmt":"2012-04-30T11:03:04","guid":{"rendered":"http:\/\/2012.kibiz-online.de\/?page_id=7"},"modified":"2023-02-23T15:18:03","modified_gmt":"2023-02-23T13:18:03","slug":"informationen","status":"publish","type":"page","link":"https:\/\/www.kibiz-online.de\/?page_id=9","title":{"rendered":"KiBiz-Geschichte"},"content":{"rendered":"<p align=\"justify\">Der Verein zur Schaffung bedarfsgerechter Betreuungsmodelle f\u00fcr Kinder berufst\u00e4tiger Eltern, KiBiz e.V., wurde mit dem Ziel gegr\u00fcndet, bedarfsgerechte Betreuungsmodelle f\u00fcr Kinder erwerbst\u00e4tiger Eltern zu schaffen. Der Name KiBiz setzt sich dementsprechend aus den W\u00f6rtern <strong>Kinder + Business = KiBiz<\/strong> zusammen.<br \/>\nBesonders besteht Betreuungsbedarf f\u00fcr Grundschulkinder w\u00e4hrend der Ferien und f\u00fcr Kindergartenkinder au\u00dferhalb regul\u00e4rer \u00d6ffnungszeiten der Kinderg\u00e4rten, dem wir gerecht werden m\u00f6chten.<br \/>\nDer Verein sieht die Schaffung seiner Betreuungsmodelle nicht in Konkurrenz mit bereits bestehenden Angeboten. Vielmehr will er bestehende Angebote erweitern und damit den Eltern erm\u00f6glichen, unbelastet ihrer Berufst\u00e4tigkeit nachzugehen, und die Kinder gut betreut zu wissen.<br \/>\nDie Gr\u00fcndung einer Familie f\u00fchrt heute nicht mehr dazu, Berufst\u00e4tigkeit aufzugeben, sie wird h\u00f6chstens f\u00fcr kurze Zeit unterbrochen. Danach beginnen die Schwierigkeiten, Familienpflichten und Berufst\u00e4tigkeit zu vereinbaren. Dies ist zunehmend nicht nur ein Problem von Frauen.<\/p>\n<p align=\"justify\"><strong>Regelbetreuung weist Defizite auf<\/strong><\/p>\n<p align=\"justify\">Die Gleichstellungsbeauftragte des Hessischen Rundfunks, des Polizeipr\u00e4sidiums Frankfurt am Main und der Deutschen Nationalbibliothek haben sich mit der Gr\u00fcndung des Vereins KiBiz zum Ziel gesetzt, hier Abhilfe zu schaffen.<br \/>\nEntwickelt hat sich das Projekt aus einer Ferienbetreuung des Hessischen Rundfunks.<br \/>\nNach Umfragen in den beteiligten Institutionen zeigte sich, dass gro\u00dfer Bedarf an flexibler Kinderbetreuung besteht. Ausgehend von den guten Erfahrungen des Hessischen Rundfunks w\u00e4hrend der Ferienbetreuungen haben die Pension\u00e4re des Hessischen Rundfunks federf\u00fchrend die Betreuung in den Ferien ehrenamtlich \u00fcbernommen. Es ist inzwischen der Wunsch vieler Ruhest\u00e4ndler, sich in gemeinn\u00fctzigen Einrichtungen zu engagieren. Neben den Senioren-Betreuer*innen haben wir ein Modell erschaffen, welches in Kombination mit Junioren-Betreuer*innen besteht. Wir sehen hier die M\u00f6glichkeit eines Austausches zwischen den Generationen. Der KiBiz e.V. wird so seit 2001 gef\u00fchrt und hat bereits vielen Kindern mit dem Betreuungsangebot tolle, aufregende und unvergessliche Ferien &amp; Freizeiten geschenkt!<\/p>\n","protected":false},"excerpt":{"rendered":"<p>Der Verein zur Schaffung bedarfsgerechter Betreuungsmodelle f\u00fcr Kinder berufst\u00e4tiger Eltern, KiBiz e.V., wurde mit dem Ziel gegr\u00fcndet, bedarfsgerechte Betreuungsmodelle f\u00fcr Kinder erwerbst\u00e4tiger Eltern zu schaffen. Der Name KiBiz setzt sich dementsprechend aus den W\u00f6rtern Kinder + Business = KiBiz zusammen. &hellip; <a href=\"https:\/\/www.kibiz-online.de\/?page_id=9\">Weiterlesen <span class=\"meta-nav\">&rarr;<\/span><\/a><\/p>\n","protected":false},"author":39,"featured_media":0,"parent":0,"menu_order":0,"comment_status":"closed","ping_status":"closed","template":"","meta":{"footnotes":""},"class_list":["post-9","page","type-page","status-publish","hentry"],"jetpack_shortlink":"https:\/\/wp.me\/P3dCr4-9","jetpack_sharing_enabled":true,"_links":{"self":[{"href":"https:\/\/www.kibiz-online.de\/index.php?rest_route=\/wp\/v2\/pages\/9","targetHints":{"allow":["GET"]}}],"collection":[{"href":"https:\/\/www.kibiz-online.de\/index.php?rest_route=\/wp\/v2\/pages"}],"about":[{"href":"https:\/\/www.kibiz-online.de\/index.php?rest_route=\/wp\/v2\/types\/page"}],"author":[{"embeddable":true,"href":"https:\/\/www.kibiz-online.de\/index.php?rest_route=\/wp\/v2\/users\/39"}],"replies":[{"embeddable":true,"href":"https:\/\/www.kibiz-online.de\/index.php?rest_route=%2Fwp%2Fv2%2Fcomments&post=9"}],"version-history":[{"count":21,"href":"https:\/\/www.kibiz-online.de\/index.php?rest_route=\/wp\/v2\/pages\/9\/revisions"}],"predecessor-version":[{"id":1403,"href":"https:\/\/www.kibiz-online.de\/index.php?rest_route=\/wp\/v2\/pages\/9\/revisions\/1403"}],"wp:attachment":[{"href":"https:\/\/www.kibiz-online.de\/index.php?rest_route=%2Fwp%2Fv2%2Fmedia&parent=9"}],"curies":[{"name":"wp","href":"https:\/\/api.w.org\/{rel}","templated":true}]}}