{"id":51,"date":"2023-02-22T13:00:31","date_gmt":"2023-02-22T11:00:31","guid":{"rendered":"http:\/\/www.kibiz-online.de\/?page_id=51"},"modified":"2023-05-04T14:31:45","modified_gmt":"2023-05-04T12:31:45","slug":"sponsoren","status":"publish","type":"page","link":"https:\/\/www.kibiz-online.de\/?page_id=51","title":{"rendered":"Spenden"},"content":{"rendered":"<p>Die Arbeit des KiBiz e.V. wird erm\u00f6glicht durch zahlreiche ehrenamtliche MitarbeiterInnen und private Spender*innen. Wenn Sie den KiBiz e.V. ebenfalls unterst\u00fctzen wollen freuen wir uns \u00fcber eine Mail an <a href=\"mailto:kibiz@hr.de\">kibiz@hr.de<\/a><\/p>\n<p>Bereits seit vielen Jahren unterst\u00fctzen folgende Firmen das Projekt des KiBiz e.V.<\/p>\n<ul>\n<li>Merz Pharma GmbH &amp; Co. KGaA<\/li>\n<li>hr-werbung<\/li>\n<\/ul>\n","protected":false},"excerpt":{"rendered":"<p>Die Arbeit des KiBiz e.V. wird erm\u00f6glicht durch zahlreiche ehrenamtliche MitarbeiterInnen und private Spender*innen. Wenn Sie den KiBiz e.V. ebenfalls unterst\u00fctzen wollen freuen wir uns \u00fcber eine Mail an kibiz@hr.de Bereits seit vielen Jahren unterst\u00fctzen folgende Firmen das Projekt des &hellip; <a href=\"https:\/\/www.kibiz-online.de\/?page_id=51\">Weiterlesen <span class=\"meta-nav\">&rarr;<\/span><\/a><\/p>\n","protected":false},"author":39,"featured_media":0,"parent":10,"menu_order":0,"comment_status":"closed","ping_status":"closed","template":"","meta":{"footnotes":""},"class_list":["post-51","page","type-page","status-publish","hentry"],"jetpack_shortlink":"https:\/\/wp.me\/P3dCr4-P","jetpack_sharing_enabled":true,"_links":{"self":[{"href":"https:\/\/www.kibiz-online.de\/index.php?rest_route=\/wp\/v2\/pages\/51","targetHints":{"allow":["GET"]}}],"collection":[{"href":"https:\/\/www.kibiz-online.de\/index.php?rest_route=\/wp\/v2\/pages"}],"about":[{"href":"https:\/\/www.kibiz-online.de\/index.php?rest_route=\/wp\/v2\/types\/page"}],"author":[{"embeddable":true,"href":"https:\/\/www.kibiz-online.de\/index.php?rest_route=\/wp\/v2\/users\/39"}],"replies":[{"embeddable":true,"href":"https:\/\/www.kibiz-online.de\/index.php?rest_route=%2Fwp%2Fv2%2Fcomments&post=51"}],"version-history":[{"count":9,"href":"https:\/\/www.kibiz-online.de\/index.php?rest_route=\/wp\/v2\/pages\/51\/revisions"}],"predecessor-version":[{"id":1458,"href":"https:\/\/www.kibiz-online.de\/index.php?rest_route=\/wp\/v2\/pages\/51\/revisions\/1458"}],"up":[{"embeddable":true,"href":"https:\/\/www.kibiz-online.de\/index.php?rest_route=\/wp\/v2\/pages\/10"}],"wp:attachment":[{"href":"https:\/\/www.kibiz-online.de\/index.php?rest_route=%2Fwp%2Fv2%2Fmedia&parent=51"}],"curies":[{"name":"wp","href":"https:\/\/api.w.org\/{rel}","templated":true}]}}