{"id":1638,"date":"2024-08-14T11:07:59","date_gmt":"2024-08-14T09:07:59","guid":{"rendered":"https:\/\/www.kibiz-online.de\/?page_id=1638"},"modified":"2024-10-29T12:23:22","modified_gmt":"2024-10-29T10:23:22","slug":"preisuebersicht-ferienbetreuung","status":"publish","type":"page","link":"https:\/\/www.kibiz-online.de\/?page_id=1638","title":{"rendered":"Preis\u00fcbersicht Ferienbetreuung"},"content":{"rendered":"<p>Unsere Preise f\u00fcr die Oster, Sommer, Herbst und Winterferien sind alle identisch und berechnen sich jeweils pro Tag. In den Preisen sind Fahrtgelder, Getr\u00e4nke, Mittagessen und Betreuung enthalten. Anbei die \u00dcbersicht:<\/p>\n<p><strong>Kosten f\u00fcr KiBiz-Mitglieder:<\/strong><br \/>\n\u20ac 23,00 pro Tag (f\u00fcr das 1. Kind)<br \/>\n\u20ac 20,00 pro Tag (f\u00fcr jedes Geschwisterkind)<\/p>\n<p><strong>Kosten f\u00fcr Nichtmitglieder:<\/strong><br \/>\n\u20ac 26,00 pro Tag (f\u00fcr das 1. Kind)<br \/>\n\u20ac 23,00 pro Tag (f\u00fcr jedes Geschwisterkind)<\/p>\n<p>Sollten Sie Interesse an einer Mitgliedschaft haben, dann downloaden Sie sich gerne die Beitrittserkl\u00e4rung (dieses finden Sie <a href=\"https:\/\/www.kibiz-online.de\/wp-content\/uploads\/2023\/02\/KiBiz-Beitrittserklaerung.pdf\">hier<\/a>) und schicken es an kibiz@hr.de<\/p>\n","protected":false},"excerpt":{"rendered":"<p>Unsere Preise f\u00fcr die Oster, Sommer, Herbst und Winterferien sind alle identisch und berechnen sich jeweils pro Tag. In den Preisen sind Fahrtgelder, Getr\u00e4nke, Mittagessen und Betreuung enthalten. Anbei die \u00dcbersicht: Kosten f\u00fcr KiBiz-Mitglieder: \u20ac 23,00 pro Tag (f\u00fcr das &hellip; <a href=\"https:\/\/www.kibiz-online.de\/?page_id=1638\">Weiterlesen <span class=\"meta-nav\">&rarr;<\/span><\/a><\/p>\n","protected":false},"author":4296,"featured_media":0,"parent":0,"menu_order":0,"comment_status":"closed","ping_status":"closed","template":"","meta":{"footnotes":""},"class_list":["post-1638","page","type-page","status-publish","hentry"],"jetpack_shortlink":"https:\/\/wp.me\/P3dCr4-qq","jetpack_sharing_enabled":true,"_links":{"self":[{"href":"https:\/\/www.kibiz-online.de\/index.php?rest_route=\/wp\/v2\/pages\/1638","targetHints":{"allow":["GET"]}}],"collection":[{"href":"https:\/\/www.kibiz-online.de\/index.php?rest_route=\/wp\/v2\/pages"}],"about":[{"href":"https:\/\/www.kibiz-online.de\/index.php?rest_route=\/wp\/v2\/types\/page"}],"author":[{"embeddable":true,"href":"https:\/\/www.kibiz-online.de\/index.php?rest_route=\/wp\/v2\/users\/4296"}],"replies":[{"embeddable":true,"href":"https:\/\/www.kibiz-online.de\/index.php?rest_route=%2Fwp%2Fv2%2Fcomments&post=1638"}],"version-history":[{"count":2,"href":"https:\/\/www.kibiz-online.de\/index.php?rest_route=\/wp\/v2\/pages\/1638\/revisions"}],"predecessor-version":[{"id":1667,"href":"https:\/\/www.kibiz-online.de\/index.php?rest_route=\/wp\/v2\/pages\/1638\/revisions\/1667"}],"wp:attachment":[{"href":"https:\/\/www.kibiz-online.de\/index.php?rest_route=%2Fwp%2Fv2%2Fmedia&parent=1638"}],"curies":[{"name":"wp","href":"https:\/\/api.w.org\/{rel}","templated":true}]}}