{"id":1506,"date":"2023-08-21T13:43:12","date_gmt":"2023-08-21T11:43:12","guid":{"rendered":"http:\/\/www.kibiz-online.de\/?page_id=1506"},"modified":"2026-03-16T09:40:21","modified_gmt":"2026-03-16T07:40:21","slug":"junior-und-seniorbetreuerinnen","status":"publish","type":"page","link":"https:\/\/www.kibiz-online.de\/?page_id=1506","title":{"rendered":"Junior- und Seniorbetreuer*innen"},"content":{"rendered":"<div>\n<h1 id=\"junior-und-seniorbetreuerinnen-der-ferienbetreuung\">Junior- und Seniorbetreuerinnen der Ferienbetreuung<\/h1>\n<\/div>\n<p>Neben unseren Teamleitungen haben wir auch noch weitere Betreuer*innen, welche die Teamleitung unterst\u00fctzen. Sie spielen, basteln und erstellen Projekte mit den Kindern damit alle Ferien zum gr\u00f6\u00dften Abenteuer werden und unvergessen bleiben.<\/p>\n\n\t\t<style type=\"text\/css\">\n\t\t\t#gallery-1 {\n\t\t\t\tmargin: auto;\n\t\t\t}\n\t\t\t#gallery-1 .gallery-item {\n\t\t\t\tfloat: left;\n\t\t\t\tmargin-top: 10px;\n\t\t\t\ttext-align: center;\n\t\t\t\twidth: 25%;\n\t\t\t}\n\t\t\t#gallery-1 img {\n\t\t\t\tborder: 2px solid #cfcfcf;\n\t\t\t}\n\t\t\t#gallery-1 .gallery-caption {\n\t\t\t\tmargin-left: 0;\n\t\t\t}\n\t\t\t\/* see gallery_shortcode() in wp-includes\/media.php *\/\n\t\t<\/style>\n\t\t<div data-carousel-extra='{&quot;blog_id&quot;:1,&quot;permalink&quot;:&quot;https:\/\/www.kibiz-online.de\/?page_id=1506&quot;}' id='gallery-1' class='gallery galleryid-1506 gallery-columns-4 gallery-size-thumbnail'><dl class='gallery-item'>\n\t\t\t<dt class='gallery-icon portrait'>\n\t\t\t\t<a href='https:\/\/www.kibiz-online.de\/?attachment_id=1692'><img loading=\"lazy\" decoding=\"async\" width=\"150\" height=\"150\" src=\"https:\/\/www.kibiz-online.de\/wp-content\/uploads\/2024\/11\/Michael-Braun-1-e1732788221912-150x150.jpg\" class=\"attachment-thumbnail size-thumbnail\" alt=\"\" aria-describedby=\"gallery-1-1692\" srcset=\"https:\/\/www.kibiz-online.de\/wp-content\/uploads\/2024\/11\/Michael-Braun-1-e1732788221912-150x150.jpg 150w, https:\/\/www.kibiz-online.de\/wp-content\/uploads\/2024\/11\/Michael-Braun-1-e1732788221912-286x288.jpg 286w\" sizes=\"auto, (max-width: 150px) 100vw, 150px\" data-attachment-id=\"1692\" data-permalink=\"https:\/\/www.kibiz-online.de\/?attachment_id=1692\" data-orig-file=\"https:\/\/www.kibiz-online.de\/wp-content\/uploads\/2024\/11\/Michael-Braun-1-e1732788221912.jpg\" data-orig-size=\"286,383\" data-comments-opened=\"0\" data-image-meta=\"{&quot;aperture&quot;:&quot;0&quot;,&quot;credit&quot;:&quot;Meckbach, Marie-Christin&quot;,&quot;camera&quot;:&quot;&quot;,&quot;caption&quot;:&quot;&quot;,&quot;created_timestamp&quot;:&quot;1732791273&quot;,&quot;copyright&quot;:&quot;&quot;,&quot;focal_length&quot;:&quot;0&quot;,&quot;iso&quot;:&quot;0&quot;,&quot;shutter_speed&quot;:&quot;0&quot;,&quot;title&quot;:&quot;&quot;,&quot;orientation&quot;:&quot;0&quot;}\" data-image-title=\"Michael Braun\" data-image-description=\"\" data-image-caption=\"&lt;p&gt;Michael Braun &#8211; Seniorbetreuer seit 2024&lt;\/p&gt;\n\" data-medium-file=\"https:\/\/www.kibiz-online.de\/wp-content\/uploads\/2024\/11\/Michael-Braun-1-e1732788221912-224x300.jpg\" data-large-file=\"https:\/\/www.kibiz-online.de\/wp-content\/uploads\/2024\/11\/Michael-Braun-1-e1732788221912.jpg\" \/><\/a>\n\t\t\t<\/dt>\n\t\t\t\t<dd class='wp-caption-text gallery-caption' id='gallery-1-1692'>\n\t\t\t\tMichael Braun &#8211; Seniorbetreuer seit 2024\n\t\t\t\t<\/dd><\/dl><dl class='gallery-item'>\n\t\t\t<dt class='gallery-icon portrait'>\n\t\t\t\t<a href='https:\/\/www.kibiz-online.de\/?attachment_id=1507'><img loading=\"lazy\" decoding=\"async\" width=\"150\" height=\"150\" src=\"https:\/\/www.kibiz-online.de\/wp-content\/uploads\/2023\/08\/Angelika-Kammerlander-150x150.png\" class=\"attachment-thumbnail size-thumbnail\" alt=\"\" aria-describedby=\"gallery-1-1507\" data-attachment-id=\"1507\" data-permalink=\"https:\/\/www.kibiz-online.de\/?attachment_id=1507\" data-orig-file=\"https:\/\/www.kibiz-online.de\/wp-content\/uploads\/2023\/08\/Angelika-Kammerlander.png\" data-orig-size=\"367,488\" data-comments-opened=\"0\" data-image-meta=\"{&quot;aperture&quot;:&quot;0&quot;,&quot;credit&quot;:&quot;&quot;,&quot;camera&quot;:&quot;&quot;,&quot;caption&quot;:&quot;&quot;,&quot;created_timestamp&quot;:&quot;0&quot;,&quot;copyright&quot;:&quot;&quot;,&quot;focal_length&quot;:&quot;0&quot;,&quot;iso&quot;:&quot;0&quot;,&quot;shutter_speed&quot;:&quot;0&quot;,&quot;title&quot;:&quot;&quot;,&quot;orientation&quot;:&quot;0&quot;}\" data-image-title=\"Angelika Kammerlander\" data-image-description=\"\" data-image-caption=\"&lt;p&gt;Angelika Kammerlander &#8211; Seniorbetreuerin seit 2021&lt;\/p&gt;\n\" data-medium-file=\"https:\/\/www.kibiz-online.de\/wp-content\/uploads\/2023\/08\/Angelika-Kammerlander-226x300.png\" data-large-file=\"https:\/\/www.kibiz-online.de\/wp-content\/uploads\/2023\/08\/Angelika-Kammerlander.png\" \/><\/a>\n\t\t\t<\/dt>\n\t\t\t\t<dd class='wp-caption-text gallery-caption' id='gallery-1-1507'>\n\t\t\t\tAngelika Kammerlander &#8211; Seniorbetreuerin seit 2021\n\t\t\t\t<\/dd><\/dl><dl class='gallery-item'>\n\t\t\t<dt class='gallery-icon portrait'>\n\t\t\t\t<a href='https:\/\/www.kibiz-online.de\/?attachment_id=1683'><img loading=\"lazy\" decoding=\"async\" width=\"150\" height=\"150\" src=\"https:\/\/www.kibiz-online.de\/wp-content\/uploads\/2024\/11\/Sylvia-Beyer-e1732788247430-150x150.jpg\" class=\"attachment-thumbnail size-thumbnail\" alt=\"\" aria-describedby=\"gallery-1-1683\" data-attachment-id=\"1683\" data-permalink=\"https:\/\/www.kibiz-online.de\/?attachment_id=1683\" data-orig-file=\"https:\/\/www.kibiz-online.de\/wp-content\/uploads\/2024\/11\/Sylvia-Beyer-e1732788247430.jpg\" data-orig-size=\"337,460\" data-comments-opened=\"0\" data-image-meta=\"{&quot;aperture&quot;:&quot;0&quot;,&quot;credit&quot;:&quot;Meckbach, Marie-Christin&quot;,&quot;camera&quot;:&quot;&quot;,&quot;caption&quot;:&quot;&quot;,&quot;created_timestamp&quot;:&quot;1732789147&quot;,&quot;copyright&quot;:&quot;&quot;,&quot;focal_length&quot;:&quot;0&quot;,&quot;iso&quot;:&quot;0&quot;,&quot;shutter_speed&quot;:&quot;0&quot;,&quot;title&quot;:&quot;&quot;,&quot;orientation&quot;:&quot;0&quot;}\" data-image-title=\"Sylvia Beyer\" data-image-description=\"\" data-image-caption=\"&lt;p&gt;Sylvia Beyer  &#8211; Seniorbetreuerin seit 2017&lt;\/p&gt;\n\" data-medium-file=\"https:\/\/www.kibiz-online.de\/wp-content\/uploads\/2024\/11\/Sylvia-Beyer-e1732788247430-220x300.jpg\" data-large-file=\"https:\/\/www.kibiz-online.de\/wp-content\/uploads\/2024\/11\/Sylvia-Beyer-e1732788247430.jpg\" \/><\/a>\n\t\t\t<\/dt>\n\t\t\t\t<dd class='wp-caption-text gallery-caption' id='gallery-1-1683'>\n\t\t\t\tSylvia Beyer  &#8211; Seniorbetreuerin seit 2017\n\t\t\t\t<\/dd><\/dl><dl class='gallery-item'>\n\t\t\t<dt class='gallery-icon portrait'>\n\t\t\t\t<a href='https:\/\/www.kibiz-online.de\/?attachment_id=1691'><img loading=\"lazy\" decoding=\"async\" width=\"150\" height=\"150\" src=\"https:\/\/www.kibiz-online.de\/wp-content\/uploads\/2024\/11\/Claudia-Trojan-1-e1732788032737-150x150.jpg\" class=\"attachment-thumbnail size-thumbnail\" alt=\"\" aria-describedby=\"gallery-1-1691\" data-attachment-id=\"1691\" data-permalink=\"https:\/\/www.kibiz-online.de\/?attachment_id=1691\" data-orig-file=\"https:\/\/www.kibiz-online.de\/wp-content\/uploads\/2024\/11\/Claudia-Trojan-1-e1732788032737.jpg\" data-orig-size=\"324,393\" data-comments-opened=\"0\" data-image-meta=\"{&quot;aperture&quot;:&quot;0&quot;,&quot;credit&quot;:&quot;Meckbach, Marie-Christin&quot;,&quot;camera&quot;:&quot;&quot;,&quot;caption&quot;:&quot;&quot;,&quot;created_timestamp&quot;:&quot;1732791321&quot;,&quot;copyright&quot;:&quot;&quot;,&quot;focal_length&quot;:&quot;0&quot;,&quot;iso&quot;:&quot;0&quot;,&quot;shutter_speed&quot;:&quot;0&quot;,&quot;title&quot;:&quot;&quot;,&quot;orientation&quot;:&quot;0&quot;}\" data-image-title=\"Claudia Trojan\" data-image-description=\"\" data-image-caption=\"&lt;p&gt;Claudia Trojan &#8211; Seniorbetreuerin seit 2024&lt;\/p&gt;\n\" data-medium-file=\"https:\/\/www.kibiz-online.de\/wp-content\/uploads\/2024\/11\/Claudia-Trojan-1-e1732788032737-247x300.jpg\" data-large-file=\"https:\/\/www.kibiz-online.de\/wp-content\/uploads\/2024\/11\/Claudia-Trojan-1-e1732788032737.jpg\" \/><\/a>\n\t\t\t<\/dt>\n\t\t\t\t<dd class='wp-caption-text gallery-caption' id='gallery-1-1691'>\n\t\t\t\tClaudia Trojan &#8211; Seniorbetreuerin seit 2024\n\t\t\t\t<\/dd><\/dl><br style=\"clear: both\" \/><dl class='gallery-item'>\n\t\t\t<dt class='gallery-icon portrait'>\n\t\t\t\t<a href='https:\/\/www.kibiz-online.de\/?attachment_id=1684'><img loading=\"lazy\" decoding=\"async\" width=\"150\" height=\"150\" src=\"https:\/\/www.kibiz-online.de\/wp-content\/uploads\/2024\/11\/Inge-Bolz-e1732788134871-150x150.jpg\" class=\"attachment-thumbnail size-thumbnail\" alt=\"\" aria-describedby=\"gallery-1-1684\" data-attachment-id=\"1684\" data-permalink=\"https:\/\/www.kibiz-online.de\/?attachment_id=1684\" data-orig-file=\"https:\/\/www.kibiz-online.de\/wp-content\/uploads\/2024\/11\/Inge-Bolz-e1732788134871.jpg\" data-orig-size=\"304,374\" data-comments-opened=\"0\" data-image-meta=\"{&quot;aperture&quot;:&quot;0&quot;,&quot;credit&quot;:&quot;&quot;,&quot;camera&quot;:&quot;&quot;,&quot;caption&quot;:&quot;&quot;,&quot;created_timestamp&quot;:&quot;0&quot;,&quot;copyright&quot;:&quot;&quot;,&quot;focal_length&quot;:&quot;0&quot;,&quot;iso&quot;:&quot;0&quot;,&quot;shutter_speed&quot;:&quot;0&quot;,&quot;title&quot;:&quot;&quot;,&quot;orientation&quot;:&quot;0&quot;}\" data-image-title=\"Inge Bolz\" data-image-description=\"\" data-image-caption=\"&lt;p&gt;Inge Bolz  &#8211; Seniorbetreuerin seit 2014&lt;\/p&gt;\n\" data-medium-file=\"https:\/\/www.kibiz-online.de\/wp-content\/uploads\/2024\/11\/Inge-Bolz-e1732788134871-244x300.jpg\" data-large-file=\"https:\/\/www.kibiz-online.de\/wp-content\/uploads\/2024\/11\/Inge-Bolz-e1732788134871.jpg\" \/><\/a>\n\t\t\t<\/dt>\n\t\t\t\t<dd class='wp-caption-text gallery-caption' id='gallery-1-1684'>\n\t\t\t\tInge Bolz  &#8211; Seniorbetreuerin seit 2014\n\t\t\t\t<\/dd><\/dl><dl class='gallery-item'>\n\t\t\t<dt class='gallery-icon landscape'>\n\t\t\t\t<a href='https:\/\/www.kibiz-online.de\/?attachment_id=1509'><img loading=\"lazy\" decoding=\"async\" width=\"150\" height=\"150\" src=\"https:\/\/www.kibiz-online.de\/wp-content\/uploads\/2023\/08\/christa-150x150.png\" class=\"attachment-thumbnail size-thumbnail\" alt=\"\" aria-describedby=\"gallery-1-1509\" data-attachment-id=\"1509\" data-permalink=\"https:\/\/www.kibiz-online.de\/?attachment_id=1509\" data-orig-file=\"https:\/\/www.kibiz-online.de\/wp-content\/uploads\/2023\/08\/christa.png\" data-orig-size=\"553,341\" data-comments-opened=\"0\" data-image-meta=\"{&quot;aperture&quot;:&quot;0&quot;,&quot;credit&quot;:&quot;&quot;,&quot;camera&quot;:&quot;&quot;,&quot;caption&quot;:&quot;&quot;,&quot;created_timestamp&quot;:&quot;0&quot;,&quot;copyright&quot;:&quot;&quot;,&quot;focal_length&quot;:&quot;0&quot;,&quot;iso&quot;:&quot;0&quot;,&quot;shutter_speed&quot;:&quot;0&quot;,&quot;title&quot;:&quot;&quot;,&quot;orientation&quot;:&quot;0&quot;}\" data-image-title=\"christa\" data-image-description=\"\" data-image-caption=\"&lt;p&gt;Christa Schubert-Zunker &#8211; Seniorbetreuerin seit 2019&lt;\/p&gt;\n\" data-medium-file=\"https:\/\/www.kibiz-online.de\/wp-content\/uploads\/2023\/08\/christa-300x185.png\" data-large-file=\"https:\/\/www.kibiz-online.de\/wp-content\/uploads\/2023\/08\/christa-510x314.png\" \/><\/a>\n\t\t\t<\/dt>\n\t\t\t\t<dd class='wp-caption-text gallery-caption' id='gallery-1-1509'>\n\t\t\t\tChrista Schubert-Zunker &#8211; Seniorbetreuerin seit 2019\n\t\t\t\t<\/dd><\/dl><dl class='gallery-item'>\n\t\t\t<dt class='gallery-icon portrait'>\n\t\t\t\t<a href='https:\/\/www.kibiz-online.de\/?attachment_id=1511'><img loading=\"lazy\" decoding=\"async\" width=\"150\" height=\"150\" src=\"https:\/\/www.kibiz-online.de\/wp-content\/uploads\/2023\/08\/Heidi-Kneerich-150x150.png\" class=\"attachment-thumbnail size-thumbnail\" alt=\"\" aria-describedby=\"gallery-1-1511\" data-attachment-id=\"1511\" data-permalink=\"https:\/\/www.kibiz-online.de\/?attachment_id=1511\" data-orig-file=\"https:\/\/www.kibiz-online.de\/wp-content\/uploads\/2023\/08\/Heidi-Kneerich.png\" data-orig-size=\"418,572\" data-comments-opened=\"0\" data-image-meta=\"{&quot;aperture&quot;:&quot;0&quot;,&quot;credit&quot;:&quot;&quot;,&quot;camera&quot;:&quot;&quot;,&quot;caption&quot;:&quot;&quot;,&quot;created_timestamp&quot;:&quot;0&quot;,&quot;copyright&quot;:&quot;&quot;,&quot;focal_length&quot;:&quot;0&quot;,&quot;iso&quot;:&quot;0&quot;,&quot;shutter_speed&quot;:&quot;0&quot;,&quot;title&quot;:&quot;&quot;,&quot;orientation&quot;:&quot;0&quot;}\" data-image-title=\"Heidi Kneerich\" data-image-description=\"\" data-image-caption=\"&lt;p&gt;Heidi Kneerich &#8211; Seniorbetreuerin seit 2015&lt;\/p&gt;\n\" data-medium-file=\"https:\/\/www.kibiz-online.de\/wp-content\/uploads\/2023\/08\/Heidi-Kneerich-219x300.png\" data-large-file=\"https:\/\/www.kibiz-online.de\/wp-content\/uploads\/2023\/08\/Heidi-Kneerich.png\" \/><\/a>\n\t\t\t<\/dt>\n\t\t\t\t<dd class='wp-caption-text gallery-caption' id='gallery-1-1511'>\n\t\t\t\tHeidi Kneerich &#8211; Seniorbetreuerin seit 2015\n\t\t\t\t<\/dd><\/dl><dl class='gallery-item'>\n\t\t\t<dt class='gallery-icon portrait'>\n\t\t\t\t<a href='https:\/\/www.kibiz-online.de\/?attachment_id=1755'><img loading=\"lazy\" decoding=\"async\" width=\"150\" height=\"150\" src=\"https:\/\/www.kibiz-online.de\/wp-content\/uploads\/2025\/08\/Elisabeth-Treff-150x150.jpg\" class=\"attachment-thumbnail size-thumbnail\" alt=\"\" aria-describedby=\"gallery-1-1755\" data-attachment-id=\"1755\" data-permalink=\"https:\/\/www.kibiz-online.de\/?attachment_id=1755\" data-orig-file=\"https:\/\/www.kibiz-online.de\/wp-content\/uploads\/2025\/08\/Elisabeth-Treff.jpg\" data-orig-size=\"1024,1417\" data-comments-opened=\"0\" data-image-meta=\"{&quot;aperture&quot;:&quot;10&quot;,&quot;credit&quot;:&quot;&quot;,&quot;camera&quot;:&quot;NIKON D3X&quot;,&quot;caption&quot;:&quot;&quot;,&quot;created_timestamp&quot;:&quot;1352809446&quot;,&quot;copyright&quot;:&quot;&quot;,&quot;focal_length&quot;:&quot;85&quot;,&quot;iso&quot;:&quot;100&quot;,&quot;shutter_speed&quot;:&quot;0.005&quot;,&quot;title&quot;:&quot;&quot;,&quot;orientation&quot;:&quot;1&quot;}\" data-image-title=\"Elisabeth Treff &#8211; seit 2016 Seniorenbetreuerin\" data-image-description=\"\" data-image-caption=\"&lt;p&gt;Elisabeth Treff &#8211; Seniorbetreuerin seit 2016&lt;\/p&gt;\n\" data-medium-file=\"https:\/\/www.kibiz-online.de\/wp-content\/uploads\/2025\/08\/Elisabeth-Treff-217x300.jpg\" data-large-file=\"https:\/\/www.kibiz-online.de\/wp-content\/uploads\/2025\/08\/Elisabeth-Treff-510x706.jpg\" \/><\/a>\n\t\t\t<\/dt>\n\t\t\t\t<dd class='wp-caption-text gallery-caption' id='gallery-1-1755'>\n\t\t\t\tElisabeth Treff &#8211; Seniorbetreuerin seit 2016\n\t\t\t\t<\/dd><\/dl><br style=\"clear: both\" \/><dl class='gallery-item'>\n\t\t\t<dt class='gallery-icon portrait'>\n\t\t\t\t<a href='https:\/\/www.kibiz-online.de\/?attachment_id=1794'><img loading=\"lazy\" decoding=\"async\" width=\"150\" height=\"150\" src=\"https:\/\/www.kibiz-online.de\/wp-content\/uploads\/2026\/03\/Biggi-150x150.png\" class=\"attachment-thumbnail size-thumbnail\" alt=\"\" aria-describedby=\"gallery-1-1794\" data-attachment-id=\"1794\" data-permalink=\"https:\/\/www.kibiz-online.de\/?attachment_id=1794\" data-orig-file=\"https:\/\/www.kibiz-online.de\/wp-content\/uploads\/2026\/03\/Biggi.png\" data-orig-size=\"381,633\" data-comments-opened=\"0\" data-image-meta=\"{&quot;aperture&quot;:&quot;0&quot;,&quot;credit&quot;:&quot;&quot;,&quot;camera&quot;:&quot;&quot;,&quot;caption&quot;:&quot;&quot;,&quot;created_timestamp&quot;:&quot;0&quot;,&quot;copyright&quot;:&quot;&quot;,&quot;focal_length&quot;:&quot;0&quot;,&quot;iso&quot;:&quot;0&quot;,&quot;shutter_speed&quot;:&quot;0&quot;,&quot;title&quot;:&quot;&quot;,&quot;orientation&quot;:&quot;0&quot;}\" data-image-title=\"Biggi Vollmer &#8211; Seniorbetreuerin seit 2012\" data-image-description=\"\" data-image-caption=\"&lt;p&gt;Biggi Vollmer &#8211; Seniorenbetreuerin seit 2012&lt;\/p&gt;\n\" data-medium-file=\"https:\/\/www.kibiz-online.de\/wp-content\/uploads\/2026\/03\/Biggi-181x300.png\" data-large-file=\"https:\/\/www.kibiz-online.de\/wp-content\/uploads\/2026\/03\/Biggi.png\" \/><\/a>\n\t\t\t<\/dt>\n\t\t\t\t<dd class='wp-caption-text gallery-caption' id='gallery-1-1794'>\n\t\t\t\tBiggi Vollmer &#8211; Seniorenbetreuerin seit 2012\n\t\t\t\t<\/dd><\/dl><dl class='gallery-item'>\n\t\t\t<dt class='gallery-icon portrait'>\n\t\t\t\t<a href='https:\/\/www.kibiz-online.de\/?attachment_id=1793'><img loading=\"lazy\" decoding=\"async\" width=\"150\" height=\"150\" src=\"https:\/\/www.kibiz-online.de\/wp-content\/uploads\/2026\/03\/BB-e1773212870886-150x150.jpg\" class=\"attachment-thumbnail size-thumbnail\" alt=\"\" aria-describedby=\"gallery-1-1793\" data-attachment-id=\"1793\" data-permalink=\"https:\/\/www.kibiz-online.de\/?attachment_id=1793\" data-orig-file=\"https:\/\/www.kibiz-online.de\/wp-content\/uploads\/2026\/03\/BB-e1773212870886.jpg\" data-orig-size=\"602,683\" data-comments-opened=\"0\" data-image-meta=\"{&quot;aperture&quot;:&quot;0&quot;,&quot;credit&quot;:&quot;&quot;,&quot;camera&quot;:&quot;&quot;,&quot;caption&quot;:&quot;&quot;,&quot;created_timestamp&quot;:&quot;0&quot;,&quot;copyright&quot;:&quot;&quot;,&quot;focal_length&quot;:&quot;0&quot;,&quot;iso&quot;:&quot;0&quot;,&quot;shutter_speed&quot;:&quot;0&quot;,&quot;title&quot;:&quot;&quot;,&quot;orientation&quot;:&quot;1&quot;}\" data-image-title=\"Bernadette Bost &#8211; seit 2023 Seniorenbetreuerin\" data-image-description=\"\" data-image-caption=\"&lt;p&gt;Bernadette Bost &#8211; Seniorenbetreuerin seit 2023&lt;\/p&gt;\n\" data-medium-file=\"https:\/\/www.kibiz-online.de\/wp-content\/uploads\/2026\/03\/BB-e1773212870886-264x300.jpg\" data-large-file=\"https:\/\/www.kibiz-online.de\/wp-content\/uploads\/2026\/03\/BB-e1773212870886-510x579.jpg\" \/><\/a>\n\t\t\t<\/dt>\n\t\t\t\t<dd class='wp-caption-text gallery-caption' id='gallery-1-1793'>\n\t\t\t\tBernadette Bost &#8211; Seniorenbetreuerin seit 2023\n\t\t\t\t<\/dd><\/dl><dl class='gallery-item'>\n\t\t\t<dt class='gallery-icon landscape'>\n\t\t\t\t<a href='https:\/\/www.kibiz-online.de\/?attachment_id=1798'><img loading=\"lazy\" decoding=\"async\" width=\"150\" height=\"150\" src=\"https:\/\/www.kibiz-online.de\/wp-content\/uploads\/2026\/03\/Bild-Sabine-Nitzschke-150x150.jpg\" class=\"attachment-thumbnail size-thumbnail\" alt=\"\" aria-describedby=\"gallery-1-1798\" data-attachment-id=\"1798\" data-permalink=\"https:\/\/www.kibiz-online.de\/?attachment_id=1798\" data-orig-file=\"https:\/\/www.kibiz-online.de\/wp-content\/uploads\/2026\/03\/Bild-Sabine-Nitzschke.jpg\" data-orig-size=\"665,595\" data-comments-opened=\"0\" data-image-meta=\"{&quot;aperture&quot;:&quot;0&quot;,&quot;credit&quot;:&quot;&quot;,&quot;camera&quot;:&quot;&quot;,&quot;caption&quot;:&quot;&quot;,&quot;created_timestamp&quot;:&quot;0&quot;,&quot;copyright&quot;:&quot;&quot;,&quot;focal_length&quot;:&quot;0&quot;,&quot;iso&quot;:&quot;0&quot;,&quot;shutter_speed&quot;:&quot;0&quot;,&quot;title&quot;:&quot;&quot;,&quot;orientation&quot;:&quot;0&quot;}\" data-image-title=\"Sabine Nitzschke\" data-image-description=\"\" data-image-caption=\"&lt;p&gt;Sabine Nitzschke &#8211; Seniorenbetreuerin seit 2024&lt;\/p&gt;\n\" data-medium-file=\"https:\/\/www.kibiz-online.de\/wp-content\/uploads\/2026\/03\/Bild-Sabine-Nitzschke-300x268.jpg\" data-large-file=\"https:\/\/www.kibiz-online.de\/wp-content\/uploads\/2026\/03\/Bild-Sabine-Nitzschke-510x456.jpg\" \/><\/a>\n\t\t\t<\/dt>\n\t\t\t\t<dd class='wp-caption-text gallery-caption' id='gallery-1-1798'>\n\t\t\t\tSabine Nitzschke &#8211; Seniorenbetreuerin seit 2024\n\t\t\t\t<\/dd><\/dl><dl class='gallery-item'>\n\t\t\t<dt class='gallery-icon portrait'>\n\t\t\t\t<a href='https:\/\/www.kibiz-online.de\/?attachment_id=1689'><img loading=\"lazy\" decoding=\"async\" width=\"150\" height=\"150\" src=\"https:\/\/www.kibiz-online.de\/wp-content\/uploads\/2024\/11\/Heidi-Kneerich-150x150.jpg\" class=\"attachment-thumbnail size-thumbnail\" alt=\"\" aria-describedby=\"gallery-1-1689\" data-attachment-id=\"1689\" data-permalink=\"https:\/\/www.kibiz-online.de\/?attachment_id=1689\" data-orig-file=\"https:\/\/www.kibiz-online.de\/wp-content\/uploads\/2024\/11\/Heidi-Kneerich.jpg\" data-orig-size=\"443,609\" data-comments-opened=\"0\" data-image-meta=\"{&quot;aperture&quot;:&quot;0&quot;,&quot;credit&quot;:&quot;Meckbach, Marie-Christin&quot;,&quot;camera&quot;:&quot;&quot;,&quot;caption&quot;:&quot;&quot;,&quot;created_timestamp&quot;:&quot;1732790940&quot;,&quot;copyright&quot;:&quot;&quot;,&quot;focal_length&quot;:&quot;0&quot;,&quot;iso&quot;:&quot;0&quot;,&quot;shutter_speed&quot;:&quot;0&quot;,&quot;title&quot;:&quot;&quot;,&quot;orientation&quot;:&quot;0&quot;}\" data-image-title=\"Heidi Kneerich\" data-image-description=\"\" data-image-caption=\"&lt;p&gt;Heidi Kneerich &#8211; Seniorenbetreuerin seit 2015&lt;\/p&gt;\n\" data-medium-file=\"https:\/\/www.kibiz-online.de\/wp-content\/uploads\/2024\/11\/Heidi-Kneerich-218x300.jpg\" data-large-file=\"https:\/\/www.kibiz-online.de\/wp-content\/uploads\/2024\/11\/Heidi-Kneerich.jpg\" \/><\/a>\n\t\t\t<\/dt>\n\t\t\t\t<dd class='wp-caption-text gallery-caption' id='gallery-1-1689'>\n\t\t\t\tHeidi Kneerich &#8211; Seniorenbetreuerin seit 2015\n\t\t\t\t<\/dd><\/dl><br style=\"clear: both\" \/><dl class='gallery-item'>\n\t\t\t<dt class='gallery-icon portrait'>\n\t\t\t\t<a href='https:\/\/www.kibiz-online.de\/?attachment_id=1686'><img loading=\"lazy\" decoding=\"async\" width=\"150\" height=\"150\" src=\"https:\/\/www.kibiz-online.de\/wp-content\/uploads\/2024\/11\/Angelika-Kammerlander-150x150.jpg\" class=\"attachment-thumbnail size-thumbnail\" alt=\"\" aria-describedby=\"gallery-1-1686\" data-attachment-id=\"1686\" data-permalink=\"https:\/\/www.kibiz-online.de\/?attachment_id=1686\" data-orig-file=\"https:\/\/www.kibiz-online.de\/wp-content\/uploads\/2024\/11\/Angelika-Kammerlander.jpg\" data-orig-size=\"400,539\" data-comments-opened=\"0\" data-image-meta=\"{&quot;aperture&quot;:&quot;0&quot;,&quot;credit&quot;:&quot;Meckbach, Marie-Christin&quot;,&quot;camera&quot;:&quot;&quot;,&quot;caption&quot;:&quot;&quot;,&quot;created_timestamp&quot;:&quot;1732790866&quot;,&quot;copyright&quot;:&quot;&quot;,&quot;focal_length&quot;:&quot;0&quot;,&quot;iso&quot;:&quot;0&quot;,&quot;shutter_speed&quot;:&quot;0&quot;,&quot;title&quot;:&quot;&quot;,&quot;orientation&quot;:&quot;0&quot;}\" data-image-title=\"Angelika Kammerlander\" data-image-description=\"\" data-image-caption=\"&lt;p&gt;Angelika Kammerlander &#8211; Seniorenbetreuerin seit 2021&lt;\/p&gt;\n\" data-medium-file=\"https:\/\/www.kibiz-online.de\/wp-content\/uploads\/2024\/11\/Angelika-Kammerlander-223x300.jpg\" data-large-file=\"https:\/\/www.kibiz-online.de\/wp-content\/uploads\/2024\/11\/Angelika-Kammerlander.jpg\" \/><\/a>\n\t\t\t<\/dt>\n\t\t\t\t<dd class='wp-caption-text gallery-caption' id='gallery-1-1686'>\n\t\t\t\tAngelika Kammerlander &#8211; Seniorenbetreuerin seit 2021\n\t\t\t\t<\/dd><\/dl>\n\t\t\t<br style='clear: both' \/>\n\t\t<\/div>\n\n","protected":false},"excerpt":{"rendered":"<p>Junior- und Seniorbetreuerinnen der Ferienbetreuung Neben unseren Teamleitungen haben wir auch noch weitere Betreuer*innen, welche die Teamleitung unterst\u00fctzen. Sie spielen, basteln und erstellen Projekte mit den Kindern damit alle Ferien zum gr\u00f6\u00dften Abenteuer werden und unvergessen bleiben.<\/p>\n","protected":false},"author":4296,"featured_media":0,"parent":0,"menu_order":0,"comment_status":"closed","ping_status":"closed","template":"","meta":{"footnotes":""},"class_list":["post-1506","page","type-page","status-publish","hentry"],"jetpack_shortlink":"https:\/\/wp.me\/P3dCr4-oi","jetpack_sharing_enabled":true,"_links":{"self":[{"href":"https:\/\/www.kibiz-online.de\/index.php?rest_route=\/wp\/v2\/pages\/1506","targetHints":{"allow":["GET"]}}],"collection":[{"href":"https:\/\/www.kibiz-online.de\/index.php?rest_route=\/wp\/v2\/pages"}],"about":[{"href":"https:\/\/www.kibiz-online.de\/index.php?rest_route=\/wp\/v2\/types\/page"}],"author":[{"embeddable":true,"href":"https:\/\/www.kibiz-online.de\/index.php?rest_route=\/wp\/v2\/users\/4296"}],"replies":[{"embeddable":true,"href":"https:\/\/www.kibiz-online.de\/index.php?rest_route=%2Fwp%2Fv2%2Fcomments&post=1506"}],"version-history":[{"count":12,"href":"https:\/\/www.kibiz-online.de\/index.php?rest_route=\/wp\/v2\/pages\/1506\/revisions"}],"predecessor-version":[{"id":1799,"href":"https:\/\/www.kibiz-online.de\/index.php?rest_route=\/wp\/v2\/pages\/1506\/revisions\/1799"}],"wp:attachment":[{"href":"https:\/\/www.kibiz-online.de\/index.php?rest_route=%2Fwp%2Fv2%2Fmedia&parent=1506"}],"curies":[{"name":"wp","href":"https:\/\/api.w.org\/{rel}","templated":true}]}}