{"id":1411,"date":"2023-03-03T13:04:05","date_gmt":"2023-03-03T11:04:05","guid":{"rendered":"http:\/\/www.kibiz-online.de\/?page_id=1411"},"modified":"2026-02-26T15:29:16","modified_gmt":"2026-02-26T13:29:16","slug":"teamleiterinnen","status":"publish","type":"page","link":"https:\/\/www.kibiz-online.de\/?page_id=1411","title":{"rendered":"Teamleitung"},"content":{"rendered":"<div>\n<h2><strong>Teamleitung der Ferienbetreuung<\/strong><\/h2>\n<p>Unter unseren engagierten Betreuer*innen haben mehrere die Aufgabe der Teamleitung \u00fcbernommen und sind in jeden Ferien mit dabei:<\/p>\n<div id=\"attachment_1694\" style=\"width: 220px\" class=\"wp-caption alignleft\"><img loading=\"lazy\" decoding=\"async\" aria-describedby=\"caption-attachment-1694\" data-attachment-id=\"1694\" data-permalink=\"https:\/\/www.kibiz-online.de\/?attachment_id=1694\" data-orig-file=\"https:\/\/www.kibiz-online.de\/wp-content\/uploads\/2024\/11\/Christine-Lenz.png\" data-orig-size=\"553,737\" data-comments-opened=\"0\" data-image-meta=\"{&quot;aperture&quot;:&quot;0&quot;,&quot;credit&quot;:&quot;&quot;,&quot;camera&quot;:&quot;&quot;,&quot;caption&quot;:&quot;&quot;,&quot;created_timestamp&quot;:&quot;0&quot;,&quot;copyright&quot;:&quot;&quot;,&quot;focal_length&quot;:&quot;0&quot;,&quot;iso&quot;:&quot;0&quot;,&quot;shutter_speed&quot;:&quot;0&quot;,&quot;title&quot;:&quot;&quot;,&quot;orientation&quot;:&quot;0&quot;}\" data-image-title=\"Christine Lenz\" data-image-description=\"\" data-image-caption=\"&lt;p&gt;Christine Lenz &#8211; Teamleitung seit 2021&lt;\/p&gt;\n\" data-medium-file=\"https:\/\/www.kibiz-online.de\/wp-content\/uploads\/2024\/11\/Christine-Lenz-225x300.png\" data-large-file=\"https:\/\/www.kibiz-online.de\/wp-content\/uploads\/2024\/11\/Christine-Lenz-510x680.png\" class=\"wp-image-1694\" src=\"https:\/\/www.kibiz-online.de\/wp-content\/uploads\/2024\/11\/Christine-Lenz-510x680.png\" alt=\"\" width=\"210\" height=\"276\" \/><p id=\"caption-attachment-1694\" class=\"wp-caption-text\">Christine Lenz &#8211; seit 2021 Teamleitung im KiBiz<\/p><\/div>\n<p style=\"text-align: left;\">&#8222;Mein Name ist Christine Lenz und ich war bis Oktober 2017 beim hr besch\u00e4ftigt. F\u00fcr mich war schon im aktiven Berufsleben klar, dass\u00a0ich in meinem Ruhestand unbedingt in der Kinderbetreuung t\u00e4tig sein\u00a0m\u00f6chte\u00a0und\u00a0auch direkt bei KiBiz\u00a0anfange.<\/p>\n<p style=\"text-align: left;\">KiBiz war mir schon immer durch aktive Betreuer*innen bekannt. Seit den Winterferien 2017 bin ich aktiv dabei und seit den Sommerferien 2021 auch in der Teamleitung.<\/p>\n<p style=\"text-align: left;\">Schon immer hatte ich gerne mit Kindern zu tun. Ich betreue nebenher noch Kinder\u00a0und hatte auch schon immer mit ihnen im Freundes- und Familienkreis zu tun. Es macht mir unheimlich viel Spa\u00df und Freude bei KiBiz\u00a0sowohl mit den Kindern\u00a0als auch mit den gesamten Betreuer*innen-Team.<\/p>\n<p style=\"text-align: left;\">In diesem Sinne freue ich mich auf viele weitere sch\u00f6ne Jahre bei KiBiz.&#8220;<\/p>\n<\/div>\n<hr \/>\n<div id=\"attachment_1375\" style=\"width: 234px\" class=\"wp-caption alignleft\"><img loading=\"lazy\" decoding=\"async\" aria-describedby=\"caption-attachment-1375\" data-attachment-id=\"1375\" data-permalink=\"https:\/\/www.kibiz-online.de\/?attachment_id=1375\" data-orig-file=\"https:\/\/www.kibiz-online.de\/wp-content\/uploads\/2023\/02\/Barbara-Vogel.png\" data-orig-size=\"442,593\" data-comments-opened=\"0\" data-image-meta=\"{&quot;aperture&quot;:&quot;0&quot;,&quot;credit&quot;:&quot;&quot;,&quot;camera&quot;:&quot;&quot;,&quot;caption&quot;:&quot;&quot;,&quot;created_timestamp&quot;:&quot;0&quot;,&quot;copyright&quot;:&quot;&quot;,&quot;focal_length&quot;:&quot;0&quot;,&quot;iso&quot;:&quot;0&quot;,&quot;shutter_speed&quot;:&quot;0&quot;,&quot;title&quot;:&quot;&quot;,&quot;orientation&quot;:&quot;0&quot;}\" data-image-title=\"Barbara Vogel\" data-image-description=\"\" data-image-caption=\"&lt;p&gt;Barbara Vogel &#8211; seit 2015 Teamleiterin im KiBiz&lt;\/p&gt;\n\" data-medium-file=\"https:\/\/www.kibiz-online.de\/wp-content\/uploads\/2023\/02\/Barbara-Vogel-224x300.png\" data-large-file=\"https:\/\/www.kibiz-online.de\/wp-content\/uploads\/2023\/02\/Barbara-Vogel.png\" class=\"size-medium wp-image-1375\" src=\"https:\/\/www.kibiz-online.de\/wp-content\/uploads\/2023\/02\/Barbara-Vogel-224x300.png\" alt=\"\" width=\"224\" height=\"300\" srcset=\"https:\/\/www.kibiz-online.de\/wp-content\/uploads\/2023\/02\/Barbara-Vogel-224x300.png 224w, https:\/\/www.kibiz-online.de\/wp-content\/uploads\/2023\/02\/Barbara-Vogel.png 442w\" sizes=\"auto, (max-width: 224px) 100vw, 224px\" \/><p id=\"caption-attachment-1375\" class=\"wp-caption-text\">Barbara Vogel &#8211; seit 2015 Teamleiterin im KiBiz<\/p><\/div>\n<p>&#8222;Als ich in die Altersteilzeit ging, wurde ich gefragt, ob ich\u00a0bei KiBiz\u00a0mitmachen m\u00f6chte.\u00a0So bin ich also zu KiBiz\u00a0gekommen, und\u00a0schon seit 13 Jahre dabei und mir gef\u00e4llt es immer noch sehr gut.<\/p>\n<p>Mir macht es einfach Spa\u00df mit den Kindern die Zeit zu verbringen, weil sie so unterschiedlich und so einzigartig sind.<\/p>\n<p>Einige Kinder kenne ich sogar noch\u00a0vom Ultraschallbild. Eine Mutter sagte mir, eines Tages kommt mein Kind zu Euch\u00a0in den KiBiz! Und so war es dann auch.<\/p>\n<p>Sie loben uns KiBizianer sehr und sind froh, dass wir so tolle Aktivit\u00e4ten anbieten und dass die Kinder tags\u00fcber bei uns gut versorgt sind, denn so viel Urlaub haben die Eltern gar nicht.&#8220;<\/p>\n<hr \/>\n<div id=\"attachment_1503\" style=\"width: 235px\" class=\"wp-caption alignleft\"><img loading=\"lazy\" decoding=\"async\" aria-describedby=\"caption-attachment-1503\" data-attachment-id=\"1503\" data-permalink=\"https:\/\/www.kibiz-online.de\/?attachment_id=1503\" data-orig-file=\"https:\/\/www.kibiz-online.de\/wp-content\/uploads\/2023\/08\/lucie-scaled.jpeg\" data-orig-size=\"1920,2560\" data-comments-opened=\"0\" data-image-meta=\"{&quot;aperture&quot;:&quot;0&quot;,&quot;credit&quot;:&quot;&quot;,&quot;camera&quot;:&quot;&quot;,&quot;caption&quot;:&quot;&quot;,&quot;created_timestamp&quot;:&quot;1681497399&quot;,&quot;copyright&quot;:&quot;&quot;,&quot;focal_length&quot;:&quot;0&quot;,&quot;iso&quot;:&quot;0&quot;,&quot;shutter_speed&quot;:&quot;0&quot;,&quot;title&quot;:&quot;&quot;,&quot;orientation&quot;:&quot;1&quot;}\" data-image-title=\"Lucie Thiel\" data-image-description=\"\" data-image-caption=\"&lt;p&gt;Lucie Thiel &#8211; seit 2020 Teamleiterin im KiBiz&lt;\/p&gt;\n\" data-medium-file=\"https:\/\/www.kibiz-online.de\/wp-content\/uploads\/2023\/08\/lucie-225x300.jpeg\" data-large-file=\"https:\/\/www.kibiz-online.de\/wp-content\/uploads\/2023\/08\/lucie-510x680.jpeg\" class=\"wp-image-1503 size-medium\" src=\"https:\/\/www.kibiz-online.de\/wp-content\/uploads\/2023\/08\/lucie-225x300.jpeg\" alt=\"\" width=\"225\" height=\"300\" srcset=\"https:\/\/www.kibiz-online.de\/wp-content\/uploads\/2023\/08\/lucie-225x300.jpeg 225w, https:\/\/www.kibiz-online.de\/wp-content\/uploads\/2023\/08\/lucie-510x680.jpeg 510w, https:\/\/www.kibiz-online.de\/wp-content\/uploads\/2023\/08\/lucie-768x1024.jpeg 768w, https:\/\/www.kibiz-online.de\/wp-content\/uploads\/2023\/08\/lucie-1152x1536.jpeg 1152w, https:\/\/www.kibiz-online.de\/wp-content\/uploads\/2023\/08\/lucie-1536x2048.jpeg 1536w, https:\/\/www.kibiz-online.de\/wp-content\/uploads\/2023\/08\/lucie-scaled.jpeg 1920w\" sizes=\"auto, (max-width: 225px) 100vw, 225px\" \/><p id=\"caption-attachment-1503\" class=\"wp-caption-text\">Lucie Thiel &#8211; seit 2020 Teamleiterin im KiBiz<\/p><\/div>\n<p>&#8222;Ich bin seit Sommer 2020 als Junior- Betreuerin und Teamleitung dabei und war fr\u00fcher selbst ein Kibiz-Kind.<\/p>\n<p>Ich studiere Erziehungswissenschaften in Frankfurt und bin kurz davor, meinen Bachelor abzuschlie\u00dfen.<\/p>\n<p>Ich sch\u00e4tze das generations\u00fcbergreifende Angebot von Kibiz und spiele am liebsten mit den Kindern Rummikub, mache beim Zumbakurs mit und auch die Ausfl\u00fcge z.B. in die Lochm\u00fchle machen immer viel Spa\u00df!&#8220;<\/p>\n<p>&nbsp;<\/p>\n<p>&nbsp;<\/p>\n<hr \/>\n<p>&nbsp;<\/p>\n<div id=\"attachment_1677\" style=\"width: 221px\" class=\"wp-caption alignleft\"><img loading=\"lazy\" decoding=\"async\" aria-describedby=\"caption-attachment-1677\" data-attachment-id=\"1677\" data-permalink=\"https:\/\/www.kibiz-online.de\/?attachment_id=1677\" data-orig-file=\"https:\/\/www.kibiz-online.de\/wp-content\/uploads\/2024\/11\/Luisa-Maatje.jpg\" data-orig-size=\"315,490\" data-comments-opened=\"0\" data-image-meta=\"{&quot;aperture&quot;:&quot;0&quot;,&quot;credit&quot;:&quot;&quot;,&quot;camera&quot;:&quot;&quot;,&quot;caption&quot;:&quot;&quot;,&quot;created_timestamp&quot;:&quot;0&quot;,&quot;copyright&quot;:&quot;&quot;,&quot;focal_length&quot;:&quot;0&quot;,&quot;iso&quot;:&quot;0&quot;,&quot;shutter_speed&quot;:&quot;0&quot;,&quot;title&quot;:&quot;&quot;,&quot;orientation&quot;:&quot;0&quot;}\" data-image-title=\"Luisa Maatje\" data-image-description=\"&lt;p&gt;Luisa Maatje &#8211; seit 2024 Teamleitung im KiBiz&lt;\/p&gt;\n\" data-image-caption=\"\" data-medium-file=\"https:\/\/www.kibiz-online.de\/wp-content\/uploads\/2024\/11\/Luisa-Maatje-193x300.jpg\" data-large-file=\"https:\/\/www.kibiz-online.de\/wp-content\/uploads\/2024\/11\/Luisa-Maatje.jpg\" class=\"wp-image-1677\" src=\"https:\/\/www.kibiz-online.de\/wp-content\/uploads\/2024\/11\/Luisa-Maatje.jpg\" alt=\"\" width=\"211\" height=\"322\" \/><p id=\"caption-attachment-1677\" class=\"wp-caption-text\">Luisa Maatje &#8211; seit 2024 Teamleitung im KiBiz<\/p><\/div>\n<p>&#8222;Durch meine drei j\u00fcngeren Geschwister, die Arbeit in einem integrativen Kindergarten und Babysitting habe ich bereits einige Erfahrung in der Kinderbetreuung und habe schon immer viel Spa\u00df daran gehabt.<\/p>\n<p>Ich studiere Psychologie, denn ich m\u00f6chte meine Freude und mein Interesse am Umgang mit den unterschiedlichsten Menschen zum Beruf machen.<\/p>\n<p>Die Tage im KiBiz sind abwechslungsreich &#8211; mit sch\u00f6nen Ausfl\u00fcgen, Aktivit\u00e4ten in der Turnhalle, Basteln und Spielen. Und ohne meine bisherige Zeit im KiBiz h\u00e4tte ich wahrscheinlich nie Waveboard fahren gelernt und bei einigen Tischkicker-Turnieren verloren.\u00a0&#x1f609;<\/p>\n<p>Ich freue mich schon auf die n\u00e4chsten Ferien!&#8220;<\/p>\n<hr \/>\n<p>&nbsp;<\/p>\n","protected":false},"excerpt":{"rendered":"<p>Teamleitung der Ferienbetreuung Unter unseren engagierten Betreuer*innen haben mehrere die Aufgabe der Teamleitung \u00fcbernommen und sind in jeden Ferien mit dabei: &#8222;Mein Name ist Christine Lenz und ich war bis Oktober 2017 beim hr besch\u00e4ftigt. F\u00fcr mich war schon im &hellip; <a href=\"https:\/\/www.kibiz-online.de\/?page_id=1411\">Weiterlesen <span class=\"meta-nav\">&rarr;<\/span><\/a><\/p>\n","protected":false},"author":4296,"featured_media":0,"parent":1345,"menu_order":0,"comment_status":"closed","ping_status":"closed","template":"","meta":{"footnotes":""},"class_list":["post-1411","page","type-page","status-publish","hentry"],"jetpack_shortlink":"https:\/\/wp.me\/P3dCr4-mL","jetpack_sharing_enabled":true,"_links":{"self":[{"href":"https:\/\/www.kibiz-online.de\/index.php?rest_route=\/wp\/v2\/pages\/1411","targetHints":{"allow":["GET"]}}],"collection":[{"href":"https:\/\/www.kibiz-online.de\/index.php?rest_route=\/wp\/v2\/pages"}],"about":[{"href":"https:\/\/www.kibiz-online.de\/index.php?rest_route=\/wp\/v2\/types\/page"}],"author":[{"embeddable":true,"href":"https:\/\/www.kibiz-online.de\/index.php?rest_route=\/wp\/v2\/users\/4296"}],"replies":[{"embeddable":true,"href":"https:\/\/www.kibiz-online.de\/index.php?rest_route=%2Fwp%2Fv2%2Fcomments&post=1411"}],"version-history":[{"count":16,"href":"https:\/\/www.kibiz-online.de\/index.php?rest_route=\/wp\/v2\/pages\/1411\/revisions"}],"predecessor-version":[{"id":1791,"href":"https:\/\/www.kibiz-online.de\/index.php?rest_route=\/wp\/v2\/pages\/1411\/revisions\/1791"}],"up":[{"embeddable":true,"href":"https:\/\/www.kibiz-online.de\/index.php?rest_route=\/wp\/v2\/pages\/1345"}],"wp:attachment":[{"href":"https:\/\/www.kibiz-online.de\/index.php?rest_route=%2Fwp%2Fv2%2Fmedia&parent=1411"}],"curies":[{"name":"wp","href":"https:\/\/api.w.org\/{rel}","templated":true}]}}