{"id":1345,"date":"2023-02-21T11:59:43","date_gmt":"2023-02-21T09:59:43","guid":{"rendered":"http:\/\/www.kibiz-online.de\/?page_id=1345"},"modified":"2026-03-11T09:18:20","modified_gmt":"2026-03-11T07:18:20","slug":"unser-team","status":"publish","type":"page","link":"https:\/\/www.kibiz-online.de\/?page_id=1345","title":{"rendered":"Unser Team"},"content":{"rendered":"<h2>Orga-Team<\/h2>\n<div>Das organisatorisches Team k\u00fcmmert sich um alle Ferienausschreibung, Ferienanfragen, Einteilung der ehrenamtlichen Betreuer*innen und vieles mehr. Falls Sie Anregungen, Feedback oder \u00e4hnliches haben schreiben Sie uns gerne eine Mail <a href=\"mailto:kibiz@hr.de\">kibiz@hr.de<\/a> oder rufen unter der 069\/155-3165 an.<\/div>\n<div>\n<div>\n<div id=\"attachment_1379\" style=\"width: 236px\" class=\"wp-caption aligncenter\"><img loading=\"lazy\" decoding=\"async\" aria-describedby=\"caption-attachment-1379\" data-attachment-id=\"1379\" data-permalink=\"https:\/\/www.kibiz-online.de\/?attachment_id=1379\" data-orig-file=\"https:\/\/www.kibiz-online.de\/wp-content\/uploads\/2023\/02\/MC.png\" data-orig-size=\"450,597\" data-comments-opened=\"0\" data-image-meta=\"{&quot;aperture&quot;:&quot;0&quot;,&quot;credit&quot;:&quot;&quot;,&quot;camera&quot;:&quot;&quot;,&quot;caption&quot;:&quot;&quot;,&quot;created_timestamp&quot;:&quot;0&quot;,&quot;copyright&quot;:&quot;&quot;,&quot;focal_length&quot;:&quot;0&quot;,&quot;iso&quot;:&quot;0&quot;,&quot;shutter_speed&quot;:&quot;0&quot;,&quot;title&quot;:&quot;&quot;,&quot;orientation&quot;:&quot;0&quot;}\" data-image-title=\"MC\" data-image-description=\"\" data-image-caption=\"&lt;p&gt;Marie-Christin Meckbach&lt;\/p&gt;\n\" data-medium-file=\"https:\/\/www.kibiz-online.de\/wp-content\/uploads\/2023\/02\/MC-226x300.png\" data-large-file=\"https:\/\/www.kibiz-online.de\/wp-content\/uploads\/2023\/02\/MC.png\" class=\"wp-image-1379 size-medium\" src=\"https:\/\/www.kibiz-online.de\/wp-content\/uploads\/2023\/02\/MC-226x300.png\" alt=\"\" width=\"226\" height=\"300\" srcset=\"https:\/\/www.kibiz-online.de\/wp-content\/uploads\/2023\/02\/MC-226x300.png 226w, https:\/\/www.kibiz-online.de\/wp-content\/uploads\/2023\/02\/MC.png 450w\" sizes=\"auto, (max-width: 226px) 100vw, 226px\" \/><p id=\"caption-attachment-1379\" class=\"wp-caption-text\">Marie-Christin Meckbach k\u00fcmmert sich seit 2022 um alle Ferienangebote &amp; Freizeiten.<\/p><\/div>\n<div id=\"attachment_1400\" style=\"width: 227px\" class=\"wp-caption aligncenter\"><img loading=\"lazy\" decoding=\"async\" aria-describedby=\"caption-attachment-1400\" data-attachment-id=\"1400\" data-permalink=\"https:\/\/www.kibiz-online.de\/?attachment_id=1400\" data-orig-file=\"https:\/\/www.kibiz-online.de\/wp-content\/uploads\/2023\/02\/DSC8186x-mit-Hintergrund.jpg\" data-orig-size=\"1535,2126\" data-comments-opened=\"0\" data-image-meta=\"{&quot;aperture&quot;:&quot;5.6&quot;,&quot;credit&quot;:&quot;&quot;,&quot;camera&quot;:&quot;NIKON D3X&quot;,&quot;caption&quot;:&quot;&quot;,&quot;created_timestamp&quot;:&quot;1347451945&quot;,&quot;copyright&quot;:&quot;&quot;,&quot;focal_length&quot;:&quot;85&quot;,&quot;iso&quot;:&quot;100&quot;,&quot;shutter_speed&quot;:&quot;0.005&quot;,&quot;title&quot;:&quot;&quot;,&quot;orientation&quot;:&quot;1&quot;}\" data-image-title=\"_DSC8186x mit Hintergrund\" data-image-description=\"\" data-image-caption=\"&lt;p&gt;Sabine Ohmer ist seit 2012 nicht mehr aus dem KiBiz e.V. weg zudenken. Sie verf\u00fcgt \u00fcber viel Wissen und unterst\u00fctzt in allen Angelegenheiten.&lt;\/p&gt;\n\" data-medium-file=\"https:\/\/www.kibiz-online.de\/wp-content\/uploads\/2023\/02\/DSC8186x-mit-Hintergrund-217x300.jpg\" data-large-file=\"https:\/\/www.kibiz-online.de\/wp-content\/uploads\/2023\/02\/DSC8186x-mit-Hintergrund-510x706.jpg\" class=\"size-medium wp-image-1400\" src=\"https:\/\/www.kibiz-online.de\/wp-content\/uploads\/2023\/02\/DSC8186x-mit-Hintergrund-217x300.jpg\" alt=\"\" width=\"217\" height=\"300\" srcset=\"https:\/\/www.kibiz-online.de\/wp-content\/uploads\/2023\/02\/DSC8186x-mit-Hintergrund-217x300.jpg 217w, https:\/\/www.kibiz-online.de\/wp-content\/uploads\/2023\/02\/DSC8186x-mit-Hintergrund-510x706.jpg 510w, https:\/\/www.kibiz-online.de\/wp-content\/uploads\/2023\/02\/DSC8186x-mit-Hintergrund-768x1064.jpg 768w, https:\/\/www.kibiz-online.de\/wp-content\/uploads\/2023\/02\/DSC8186x-mit-Hintergrund-1109x1536.jpg 1109w, https:\/\/www.kibiz-online.de\/wp-content\/uploads\/2023\/02\/DSC8186x-mit-Hintergrund-1479x2048.jpg 1479w, https:\/\/www.kibiz-online.de\/wp-content\/uploads\/2023\/02\/DSC8186x-mit-Hintergrund.jpg 1535w\" sizes=\"auto, (max-width: 217px) 100vw, 217px\" \/><p id=\"caption-attachment-1400\" class=\"wp-caption-text\">Sabine Ohmer ist seit 2012 nicht mehr aus dem KiBiz e.V. weg zudenken. Sie verf\u00fcgt \u00fcber viel Wissen und unterst\u00fctzt in allen Angelegenheiten.<\/p><\/div>\n<\/div>\n<div>\n<div id=\"attachment_1402\" style=\"width: 310px\" class=\"wp-caption aligncenter\"><img loading=\"lazy\" decoding=\"async\" aria-describedby=\"caption-attachment-1402\" data-attachment-id=\"1402\" data-permalink=\"https:\/\/www.kibiz-online.de\/?attachment_id=1402\" data-orig-file=\"https:\/\/www.kibiz-online.de\/wp-content\/uploads\/2023\/02\/Goetz_Nadja.jpg\" data-orig-size=\"1200,900\" data-comments-opened=\"0\" data-image-meta=\"{&quot;aperture&quot;:&quot;0&quot;,&quot;credit&quot;:&quot;&quot;,&quot;camera&quot;:&quot;&quot;,&quot;caption&quot;:&quot;&quot;,&quot;created_timestamp&quot;:&quot;0&quot;,&quot;copyright&quot;:&quot;&quot;,&quot;focal_length&quot;:&quot;0&quot;,&quot;iso&quot;:&quot;0&quot;,&quot;shutter_speed&quot;:&quot;0&quot;,&quot;title&quot;:&quot;&quot;,&quot;orientation&quot;:&quot;0&quot;}\" data-image-title=\"Goetz_Nadja\" data-image-description=\"\" data-image-caption=\"&lt;p&gt;Nadja G\u00f6tz ist seit 2023 Gesch\u00e4ftsf\u00fchrerin des KiBiz e.V. &lt;\/p&gt;\n\" data-medium-file=\"https:\/\/www.kibiz-online.de\/wp-content\/uploads\/2023\/02\/Goetz_Nadja-300x225.jpg\" data-large-file=\"https:\/\/www.kibiz-online.de\/wp-content\/uploads\/2023\/02\/Goetz_Nadja-510x383.jpg\" class=\"size-medium wp-image-1402\" src=\"https:\/\/www.kibiz-online.de\/wp-content\/uploads\/2023\/02\/Goetz_Nadja-300x225.jpg\" alt=\"\" width=\"300\" height=\"225\" srcset=\"https:\/\/www.kibiz-online.de\/wp-content\/uploads\/2023\/02\/Goetz_Nadja-300x225.jpg 300w, https:\/\/www.kibiz-online.de\/wp-content\/uploads\/2023\/02\/Goetz_Nadja-510x383.jpg 510w, https:\/\/www.kibiz-online.de\/wp-content\/uploads\/2023\/02\/Goetz_Nadja-768x576.jpg 768w, https:\/\/www.kibiz-online.de\/wp-content\/uploads\/2023\/02\/Goetz_Nadja-400x300.jpg 400w, https:\/\/www.kibiz-online.de\/wp-content\/uploads\/2023\/02\/Goetz_Nadja.jpg 1200w\" sizes=\"auto, (max-width: 300px) 100vw, 300px\" \/><p id=\"caption-attachment-1402\" class=\"wp-caption-text\">Nadja G\u00f6tz ist seit 2023\u00a0 Gleichstellungsbeauftragte des Hessischen Rundfunks und Gesch\u00e4ftsf\u00fchrerin des KiBiz e.V.<\/p><\/div>\n<\/div>\n<\/div>\n<p>&nbsp;<\/p>\n","protected":false},"excerpt":{"rendered":"<p>Orga-Team Das organisatorisches Team k\u00fcmmert sich um alle Ferienausschreibung, Ferienanfragen, Einteilung der ehrenamtlichen Betreuer*innen und vieles mehr. Falls Sie Anregungen, Feedback oder \u00e4hnliches haben schreiben Sie uns gerne eine Mail kibiz@hr.de oder rufen unter der 069\/155-3165 an. &nbsp;<\/p>\n","protected":false},"author":4296,"featured_media":0,"parent":0,"menu_order":0,"comment_status":"closed","ping_status":"closed","template":"","meta":{"footnotes":""},"class_list":["post-1345","page","type-page","status-publish","hentry"],"jetpack_shortlink":"https:\/\/wp.me\/P3dCr4-lH","jetpack_sharing_enabled":true,"_links":{"self":[{"href":"https:\/\/www.kibiz-online.de\/index.php?rest_route=\/wp\/v2\/pages\/1345","targetHints":{"allow":["GET"]}}],"collection":[{"href":"https:\/\/www.kibiz-online.de\/index.php?rest_route=\/wp\/v2\/pages"}],"about":[{"href":"https:\/\/www.kibiz-online.de\/index.php?rest_route=\/wp\/v2\/types\/page"}],"author":[{"embeddable":true,"href":"https:\/\/www.kibiz-online.de\/index.php?rest_route=\/wp\/v2\/users\/4296"}],"replies":[{"embeddable":true,"href":"https:\/\/www.kibiz-online.de\/index.php?rest_route=%2Fwp%2Fv2%2Fcomments&post=1345"}],"version-history":[{"count":16,"href":"https:\/\/www.kibiz-online.de\/index.php?rest_route=\/wp\/v2\/pages\/1345\/revisions"}],"predecessor-version":[{"id":1797,"href":"https:\/\/www.kibiz-online.de\/index.php?rest_route=\/wp\/v2\/pages\/1345\/revisions\/1797"}],"wp:attachment":[{"href":"https:\/\/www.kibiz-online.de\/index.php?rest_route=%2Fwp%2Fv2%2Fmedia&parent=1345"}],"curies":[{"name":"wp","href":"https:\/\/api.w.org\/{rel}","templated":true}]}}