{"id":1342,"date":"2023-02-21T11:55:23","date_gmt":"2023-02-21T09:55:23","guid":{"rendered":"http:\/\/www.kibiz-online.de\/?page_id=1342"},"modified":"2026-04-24T11:56:27","modified_gmt":"2026-04-24T09:56:27","slug":"aktuelle-angebote","status":"publish","type":"page","link":"https:\/\/www.kibiz-online.de\/?page_id=1342","title":{"rendered":"Aktuelles Angebot"},"content":{"rendered":"<div class=\"anchor-h3\">\n<h1 id=\"sommerferienbetreuung-im-kibiz-jetzt-anmelden!\" class=\"headingSpacingAbove headingSpacingBelow\">Sommerferienbetreuung im KiBiz &#8211; Jetzt anmelden!<\/h1>\n<\/div>\n<p class=\"noSpacingAbove spacingBelow\" data-text-type=\"withSpacing\">Die Sommerferien stehen vor der T\u00fcr und wir freuen uns, auch in diesem Jahr wieder eine abwechslungsreiche und spannende Ferienbetreuung anbieten zu k\u00f6nnen.\u00a0<img loading=\"lazy\" decoding=\"async\" data-attachment-id=\"1806\" data-permalink=\"https:\/\/www.kibiz-online.de\/?attachment_id=1806\" data-orig-file=\"https:\/\/www.kibiz-online.de\/wp-content\/uploads\/2026\/04\/Sommerferien-Plakat-2026.png\" data-orig-size=\"522,743\" data-comments-opened=\"0\" data-image-meta=\"{&quot;aperture&quot;:&quot;0&quot;,&quot;credit&quot;:&quot;&quot;,&quot;camera&quot;:&quot;&quot;,&quot;caption&quot;:&quot;&quot;,&quot;created_timestamp&quot;:&quot;0&quot;,&quot;copyright&quot;:&quot;&quot;,&quot;focal_length&quot;:&quot;0&quot;,&quot;iso&quot;:&quot;0&quot;,&quot;shutter_speed&quot;:&quot;0&quot;,&quot;title&quot;:&quot;&quot;,&quot;orientation&quot;:&quot;0&quot;}\" data-image-title=\"Sommerferien-Plakat 2026\" data-image-description=\"\" data-image-caption=\"\" data-medium-file=\"https:\/\/www.kibiz-online.de\/wp-content\/uploads\/2026\/04\/Sommerferien-Plakat-2026-211x300.png\" data-large-file=\"https:\/\/www.kibiz-online.de\/wp-content\/uploads\/2026\/04\/Sommerferien-Plakat-2026-510x726.png\" class=\"wp-image-1806 alignright\" src=\"https:\/\/www.kibiz-online.de\/wp-content\/uploads\/2026\/04\/Sommerferien-Plakat-2026-510x726.png\" alt=\"\" width=\"195\" height=\"274\" \/>Unser Angebot richtet sich an Kinder im Alter von 6 bis 12 Jahren. \u00dcber die gesamten sechs Ferienwochen hinweg betreuen wir t\u00e4glich von 08.30 Uhr bis 16.30 Uhr und sorgen daf\u00fcr, dass keine Langeweile aufkommt.<\/p>\n<p class=\"noSpacingAbove spacingBelow\" data-text-type=\"withSpacing\">Die Kinder erwartet ein buntes Programm mit vielen tollen Aktivit\u00e4ten:<\/p>\n<ul>\n<li class=\"noSpacingAbove spacingBelow\" data-text-type=\"withSpacing\"><strong>Kreative Angebote<\/strong> wie Basteln, Malen und Gestalten<\/li>\n<li><strong>Bewegung und Spielen im Freien<\/strong> &#8211; ob im Park, auf dem Spielplatz oder bei kleinen sportlichen Aktionen<\/li>\n<li><strong>Spannende Ausfl\u00fcge rund um die Stadt Frankfurt<\/strong>, bei denen es viel zu entdecken gibt<\/li>\n<li><strong>Gemeinsame Spiele und Aktionen drinnen<\/strong>, die f\u00fcr jede Menge Spa\u00df sorgen<\/li>\n<\/ul>\n<p class=\"noSpacingAbove spacingBelow\" data-text-type=\"withSpacing\">Unser Ziel ist es, den Kindern unvergessliche Ferien mit viel Freude, Abwechslung und neuen Erfahrungen zu erm\u00f6glichen &#8211; in einer betreuten Umgebung. Wir freuen uns auf zahlreiche Anmeldungen und darauf, gemeinsam mit den Kindern tolle Sommerferien zu erleben!<\/p>\n<p class=\"noSpacingAbove spacingBelow\" data-text-type=\"withSpacing\"><span class=\"fontColorRed\"><strong><span style=\"color: #ff0000;\">Die Anmeldefrist ist der 19. Juni 2026.<\/span>\u00a0<\/strong><\/span><\/p>\n<p class=\"noSpacingAbove spacingBelow\" data-text-type=\"withSpacing\"><span class=\"fontColorNeutralDark\">F\u00fcr die Anmeldung ben\u00f6tigen Sie folgende Dokumente:<\/span><\/p>\n<ul>\n<li class=\"noSpacingAbove spacingBelow\" data-text-type=\"withSpacing\"><span class=\"fontColorNeutralDark\"><a href=\"https:\/\/www.kibiz-online.de\/wp-content\/uploads\/2026\/04\/Informationsblatt-fuer-die-Betreuenden.pdf\">Informationsblatt (wichtig, um eine Anmeldebest\u00e4tigung zu erhalten!!)<\/a><\/span><\/li>\n<li class=\"noSpacingAbove spacingBelow\" data-text-type=\"withSpacing\"><span class=\"fontColorNeutralDark\"><a href=\"https:\/\/www.kibiz-online.de\/wp-content\/uploads\/2026\/04\/Externe-Anmeldung-Sommerferien-2026.pdf\">Anmeldung<\/a><\/span><\/li>\n<\/ul>\n<p><span class=\"fontColorNeutralDark\">Bitte achten Sie darauf, auch das Infoblatt mitzuschicken. Ohne das Infoblatt erhalten Sie keine Best\u00e4tigung. Die Anmeldeformulare bitte an <\/span><a href=\"mailto:kibiz@hr.de\"><span class=\"fontColorNeutralDark\">kibiz@hr.de<\/span><\/a><span class=\"fontColorNeutralDark\">\u00a0senden.<\/span><\/p>\n<p>Wir freuen uns!<br \/>\nKiBiz e.V.<\/p>\n","protected":false},"excerpt":{"rendered":"<p>Sommerferienbetreuung im KiBiz &#8211; Jetzt anmelden! Die Sommerferien stehen vor der T\u00fcr und wir freuen uns, auch in diesem Jahr wieder eine abwechslungsreiche und spannende Ferienbetreuung anbieten zu k\u00f6nnen.\u00a0Unser Angebot richtet sich an Kinder im Alter von 6 bis 12 &hellip; <a href=\"https:\/\/www.kibiz-online.de\/?page_id=1342\">Weiterlesen <span class=\"meta-nav\">&rarr;<\/span><\/a><\/p>\n","protected":false},"author":4296,"featured_media":0,"parent":0,"menu_order":0,"comment_status":"closed","ping_status":"closed","template":"","meta":{"footnotes":""},"class_list":["post-1342","page","type-page","status-publish","hentry"],"jetpack_shortlink":"https:\/\/wp.me\/P3dCr4-lE","jetpack_sharing_enabled":true,"_links":{"self":[{"href":"https:\/\/www.kibiz-online.de\/index.php?rest_route=\/wp\/v2\/pages\/1342","targetHints":{"allow":["GET"]}}],"collection":[{"href":"https:\/\/www.kibiz-online.de\/index.php?rest_route=\/wp\/v2\/pages"}],"about":[{"href":"https:\/\/www.kibiz-online.de\/index.php?rest_route=\/wp\/v2\/types\/page"}],"author":[{"embeddable":true,"href":"https:\/\/www.kibiz-online.de\/index.php?rest_route=\/wp\/v2\/users\/4296"}],"replies":[{"embeddable":true,"href":"https:\/\/www.kibiz-online.de\/index.php?rest_route=%2Fwp%2Fv2%2Fcomments&post=1342"}],"version-history":[{"count":59,"href":"https:\/\/www.kibiz-online.de\/index.php?rest_route=\/wp\/v2\/pages\/1342\/revisions"}],"predecessor-version":[{"id":1807,"href":"https:\/\/www.kibiz-online.de\/index.php?rest_route=\/wp\/v2\/pages\/1342\/revisions\/1807"}],"wp:attachment":[{"href":"https:\/\/www.kibiz-online.de\/index.php?rest_route=%2Fwp%2Fv2%2Fmedia&parent=1342"}],"curies":[{"name":"wp","href":"https:\/\/api.w.org\/{rel}","templated":true}]}}